{"id":8,"date":"2021-11-30T15:02:00","date_gmt":"2021-11-30T14:02:00","guid":{"rendered":"https:\/\/nde-evo.com\/?page_id=8"},"modified":"2022-03-01T09:35:43","modified_gmt":"2022-03-01T08:35:43","slug":"carrello","status":"publish","type":"page","link":"https:\/\/nde-evo.com\/fr\/carrello\/","title":{"rendered":"Carrello"},"content":{"rendered":"<div data-elementor-type=\"wp-page\" data-elementor-id=\"8\" class=\"elementor elementor-8\" data-elementor-settings=\"{&quot;ha_cmc_init_switcher&quot;:&quot;no&quot;}\" data-elementor-post-type=\"page\">\n\t\t\t\t\t\t<section class=\"elementor-section elementor-top-section elementor-element elementor-element-611e2ca8 elementor-section-boxed elementor-section-height-default elementor-section-height-default\" data-id=\"611e2ca8\" data-element_type=\"section\" data-e-type=\"section\" data-settings=\"{&quot;_ha_eqh_enable&quot;:false}\">\n\t\t\t\t\t\t<div class=\"elementor-container elementor-column-gap-default\">\n\t\t\t\t\t<div class=\"elementor-column elementor-col-100 elementor-top-column elementor-element elementor-element-22eea871\" data-id=\"22eea871\" data-element_type=\"column\" data-e-type=\"column\">\n\t\t\t<div class=\"elementor-widget-wrap elementor-element-populated\">\n\t\t\t\t\t\t<div class=\"elementor-element elementor-element-94c25ed elementor-widget elementor-widget-heading\" data-id=\"94c25ed\" data-element_type=\"widget\" data-e-type=\"widget\" data-widget_type=\"heading.default\">\n\t\t\t\t<div class=\"elementor-widget-container\">\n\t\t\t\t\t<h1 class=\"elementor-heading-title elementor-size-default\">Carrello<\/h1>\t\t\t\t<\/div>\n\t\t\t\t<\/div>\n\t\t\t\t<div class=\"elementor-element elementor-element-3519930 e-cart-layout-two-column elementor-widget elementor-widget-woocommerce-cart\" data-id=\"3519930\" data-element_type=\"widget\" data-e-type=\"widget\" data-settings=\"{&quot;checkout_button_hover_animation&quot;:&quot;grow&quot;,&quot;update_cart_automatically&quot;:&quot;yes&quot;}\" data-widget_type=\"woocommerce-cart.default\">\n\t\t\t\t<div class=\"elementor-widget-container\">\n\t\t\t\t\t<div class=\"woocommerce\"><div class=\"woocommerce-notices-wrapper\"><\/div><div class=\"wc-empty-cart-message\">\n\t<div class=\"cart-empty woocommerce-info\" role=\"status\">\n\t\tVotre panier est actuellement vide.\t<\/div>\n<\/div>\t<p class=\"return-to-shop\">\n\t\t<a class=\"button wc-backward\" href=\"https:\/\/nde-evo.com\/fr\/?page_id=7\">\n\t\t\tRetour \u00e0 la boutique\t\t<\/a>\n\t<\/p>\n<\/div>\t\t\t\t<\/div>\n\t\t\t\t<\/div>\n\t\t\t\t<div class=\"elementor-element elementor-element-07fe73f elementor-widget elementor-widget-spacer\" data-id=\"07fe73f\" data-element_type=\"widget\" data-e-type=\"widget\" data-widget_type=\"spacer.default\">\n\t\t\t\t<div class=\"elementor-widget-container\">\n\t\t\t\t\t\t\t<div class=\"elementor-spacer\">\n\t\t\t<div class=\"elementor-spacer-inner\"><\/div>\n\t\t<\/div>\n\t\t\t\t\t\t<\/div>\n\t\t\t\t<\/div>\n\t\t\t\t\t<\/div>\n\t\t<\/div>\n\t\t\t\t\t<\/div>\n\t\t<\/section>\n\t\t\t\t<\/div>","protected":false},"excerpt":{"rendered":"<p>Carrello &nbsp; &nbsp; Prodotto Prezzo Quantit\u00e0 Subtotale &times; Mutua Singoli &euro;365,00 Mutua Singoli quantit\u00e0 &euro;365,00 &times; Licenza C &euro;440,00 Licenza C quantit\u00e0 &euro;880,00 &times; Codice del Registro &#8211; Promo90 Tipo: Srl, Societ\u00e0, Associazioni &euro;750,00 Codice del Registro &#8211; Promo90 &#8211; Srl, Societ\u00e0, Associazioni quantit\u00e0 &euro;750,00 Applica Coupon Totale Carrello Subtotale &euro;1.995,00 IVA &euro;438,90 Totale &euro;2.433,90 [&hellip;]<\/p>\n","protected":false},"author":6187,"featured_media":0,"parent":0,"menu_order":0,"comment_status":"closed","ping_status":"closed","template":"","meta":{"footnotes":""},"class_list":["post-8","page","type-page","status-publish","hentry"],"yoast_head":"<!-- This site is optimized with the Yoast SEO plugin v27.0 - https:\/\/yoast.com\/product\/yoast-seo-wordpress\/ -->\n<title>Carrello - NDE<\/title>\n<meta name=\"robots\" content=\"index, follow, max-snippet:-1, max-image-preview:large, max-video-preview:-1\" \/>\n<link rel=\"canonical\" href=\"https:\/\/nde-evo.com\/fr\/carrello\/\" \/>\n<meta property=\"og:locale\" content=\"fr_FR\" \/>\n<meta property=\"og:type\" content=\"article\" \/>\n<meta property=\"og:title\" content=\"Carrello - NDE\" \/>\n<meta property=\"og:description\" content=\"Carrello &nbsp; &nbsp; Prodotto Prezzo Quantit\u00e0 Subtotale &times; Mutua Singoli &euro;365,00 Mutua Singoli quantit\u00e0 &euro;365,00 &times; Licenza C &euro;440,00 Licenza C quantit\u00e0 &euro;880,00 &times; Codice del Registro &#8211; Promo90 Tipo: Srl, Societ\u00e0, Associazioni &euro;750,00 Codice del Registro &#8211; Promo90 &#8211; Srl, Societ\u00e0, Associazioni quantit\u00e0 &euro;750,00 Applica Coupon Totale Carrello Subtotale &euro;1.995,00 IVA &euro;438,90 Totale &euro;2.433,90 [&hellip;]\" \/>\n<meta property=\"og:url\" content=\"https:\/\/nde-evo.com\/fr\/carrello\/\" \/>\n<meta property=\"og:site_name\" content=\"NDE\" \/>\n<meta property=\"article:modified_time\" content=\"2022-03-01T08:35:43+00:00\" \/>\n<meta property=\"og:image\" content=\"https:\/\/nde-evo.com\/wp-content\/uploads\/2022\/02\/mutuatrasparentecmyk-300x100.webp\" \/>\n<meta name=\"twitter:card\" content=\"summary_large_image\" \/>\n<script type=\"application\/ld+json\" class=\"yoast-schema-graph\">{\"@context\":\"https:\/\/schema.org\",\"@graph\":[{\"@type\":\"WebPage\",\"@id\":\"https:\/\/nde-evo.com\/carrello\/\",\"url\":\"https:\/\/nde-evo.com\/carrello\/\",\"name\":\"Carrello - NDE\",\"isPartOf\":{\"@id\":\"https:\/\/nde-evo.com\/#website\"},\"primaryImageOfPage\":{\"@id\":\"https:\/\/nde-evo.com\/carrello\/#primaryimage\"},\"image\":{\"@id\":\"https:\/\/nde-evo.com\/carrello\/#primaryimage\"},\"thumbnailUrl\":\"https:\/\/nde-evo.com\/wp-content\/uploads\/2022\/02\/mutuatrasparentecmyk-300x100.webp\",\"datePublished\":\"2021-11-30T14:02:00+00:00\",\"dateModified\":\"2022-03-01T08:35:43+00:00\",\"breadcrumb\":{\"@id\":\"https:\/\/nde-evo.com\/carrello\/#breadcrumb\"},\"inLanguage\":\"fr-FR\",\"potentialAction\":[{\"@type\":\"ReadAction\",\"target\":[\"https:\/\/nde-evo.com\/carrello\/\"]}]},{\"@type\":\"ImageObject\",\"inLanguage\":\"fr-FR\",\"@id\":\"https:\/\/nde-evo.com\/carrello\/#primaryimage\",\"url\":\"https:\/\/nde-evo.com\/wp-content\/uploads\/2022\/02\/mutuatrasparentecmyk-300x100.webp\",\"contentUrl\":\"https:\/\/nde-evo.com\/wp-content\/uploads\/2022\/02\/mutuatrasparentecmyk-300x100.webp\"},{\"@type\":\"BreadcrumbList\",\"@id\":\"https:\/\/nde-evo.com\/carrello\/#breadcrumb\",\"itemListElement\":[{\"@type\":\"ListItem\",\"position\":1,\"name\":\"Home\",\"item\":\"https:\/\/nde-evo.com\/\"},{\"@type\":\"ListItem\",\"position\":2,\"name\":\"Carrello\"}]},{\"@type\":\"WebSite\",\"@id\":\"https:\/\/nde-evo.com\/#website\",\"url\":\"https:\/\/nde-evo.com\/\",\"name\":\"NDE\",\"description\":\"Formazione innovativa\",\"publisher\":{\"@id\":\"https:\/\/nde-evo.com\/#organization\"},\"potentialAction\":[{\"@type\":\"SearchAction\",\"target\":{\"@type\":\"EntryPoint\",\"urlTemplate\":\"https:\/\/nde-evo.com\/?s={search_term_string}\"},\"query-input\":{\"@type\":\"PropertyValueSpecification\",\"valueRequired\":true,\"valueName\":\"search_term_string\"}}],\"inLanguage\":\"fr-FR\"},{\"@type\":\"Organization\",\"@id\":\"https:\/\/nde-evo.com\/#organization\",\"name\":\"NDE\",\"url\":\"https:\/\/nde-evo.com\/\",\"logo\":{\"@type\":\"ImageObject\",\"inLanguage\":\"fr-FR\",\"@id\":\"https:\/\/nde-evo.com\/#\/schema\/logo\/image\/\",\"url\":\"https:\/\/nde-evo.com\/wp-content\/uploads\/2021\/12\/Logo-NDE.png\",\"contentUrl\":\"https:\/\/nde-evo.com\/wp-content\/uploads\/2021\/12\/Logo-NDE.png\",\"width\":570,\"height\":470,\"caption\":\"NDE\"},\"image\":{\"@id\":\"https:\/\/nde-evo.com\/#\/schema\/logo\/image\/\"}}]}<\/script>\n<!-- \/ Yoast SEO plugin. -->","yoast_head_json":{"title":"Carrello - NDE","robots":{"index":"index","follow":"follow","max-snippet":"max-snippet:-1","max-image-preview":"max-image-preview:large","max-video-preview":"max-video-preview:-1"},"canonical":"https:\/\/nde-evo.com\/fr\/carrello\/","og_locale":"fr_FR","og_type":"article","og_title":"Carrello - NDE","og_description":"Carrello &nbsp; &nbsp; Prodotto Prezzo Quantit\u00e0 Subtotale &times; Mutua Singoli &euro;365,00 Mutua Singoli quantit\u00e0 &euro;365,00 &times; Licenza C &euro;440,00 Licenza C quantit\u00e0 &euro;880,00 &times; Codice del Registro &#8211; Promo90 Tipo: Srl, Societ\u00e0, Associazioni &euro;750,00 Codice del Registro &#8211; Promo90 &#8211; Srl, Societ\u00e0, Associazioni quantit\u00e0 &euro;750,00 Applica Coupon Totale Carrello Subtotale &euro;1.995,00 IVA &euro;438,90 Totale &euro;2.433,90 [&hellip;]","og_url":"https:\/\/nde-evo.com\/fr\/carrello\/","og_site_name":"NDE","article_modified_time":"2022-03-01T08:35:43+00:00","og_image":[{"url":"https:\/\/nde-evo.com\/wp-content\/uploads\/2022\/02\/mutuatrasparentecmyk-300x100.webp","type":"","width":"","height":""}],"twitter_card":"summary_large_image","schema":{"@context":"https:\/\/schema.org","@graph":[{"@type":"WebPage","@id":"https:\/\/nde-evo.com\/carrello\/","url":"https:\/\/nde-evo.com\/carrello\/","name":"Carrello - NDE","isPartOf":{"@id":"https:\/\/nde-evo.com\/#website"},"primaryImageOfPage":{"@id":"https:\/\/nde-evo.com\/carrello\/#primaryimage"},"image":{"@id":"https:\/\/nde-evo.com\/carrello\/#primaryimage"},"thumbnailUrl":"https:\/\/nde-evo.com\/wp-content\/uploads\/2022\/02\/mutuatrasparentecmyk-300x100.webp","datePublished":"2021-11-30T14:02:00+00:00","dateModified":"2022-03-01T08:35:43+00:00","breadcrumb":{"@id":"https:\/\/nde-evo.com\/carrello\/#breadcrumb"},"inLanguage":"fr-FR","potentialAction":[{"@type":"ReadAction","target":["https:\/\/nde-evo.com\/carrello\/"]}]},{"@type":"ImageObject","inLanguage":"fr-FR","@id":"https:\/\/nde-evo.com\/carrello\/#primaryimage","url":"https:\/\/nde-evo.com\/wp-content\/uploads\/2022\/02\/mutuatrasparentecmyk-300x100.webp","contentUrl":"https:\/\/nde-evo.com\/wp-content\/uploads\/2022\/02\/mutuatrasparentecmyk-300x100.webp"},{"@type":"BreadcrumbList","@id":"https:\/\/nde-evo.com\/carrello\/#breadcrumb","itemListElement":[{"@type":"ListItem","position":1,"name":"Home","item":"https:\/\/nde-evo.com\/"},{"@type":"ListItem","position":2,"name":"Carrello"}]},{"@type":"WebSite","@id":"https:\/\/nde-evo.com\/#website","url":"https:\/\/nde-evo.com\/","name":"NDE","description":"Formazione innovativa","publisher":{"@id":"https:\/\/nde-evo.com\/#organization"},"potentialAction":[{"@type":"SearchAction","target":{"@type":"EntryPoint","urlTemplate":"https:\/\/nde-evo.com\/?s={search_term_string}"},"query-input":{"@type":"PropertyValueSpecification","valueRequired":true,"valueName":"search_term_string"}}],"inLanguage":"fr-FR"},{"@type":"Organization","@id":"https:\/\/nde-evo.com\/#organization","name":"NDE","url":"https:\/\/nde-evo.com\/","logo":{"@type":"ImageObject","inLanguage":"fr-FR","@id":"https:\/\/nde-evo.com\/#\/schema\/logo\/image\/","url":"https:\/\/nde-evo.com\/wp-content\/uploads\/2021\/12\/Logo-NDE.png","contentUrl":"https:\/\/nde-evo.com\/wp-content\/uploads\/2021\/12\/Logo-NDE.png","width":570,"height":470,"caption":"NDE"},"image":{"@id":"https:\/\/nde-evo.com\/#\/schema\/logo\/image\/"}}]}},"jetpack_sharing_enabled":true,"_links":{"self":[{"href":"https:\/\/nde-evo.com\/fr\/wp-json\/wp\/v2\/pages\/8","targetHints":{"allow":["GET"]}}],"collection":[{"href":"https:\/\/nde-evo.com\/fr\/wp-json\/wp\/v2\/pages"}],"about":[{"href":"https:\/\/nde-evo.com\/fr\/wp-json\/wp\/v2\/types\/page"}],"author":[{"embeddable":true,"href":"https:\/\/nde-evo.com\/fr\/wp-json\/wp\/v2\/users\/6187"}],"replies":[{"embeddable":true,"href":"https:\/\/nde-evo.com\/fr\/wp-json\/wp\/v2\/comments?post=8"}],"version-history":[{"count":0,"href":"https:\/\/nde-evo.com\/fr\/wp-json\/wp\/v2\/pages\/8\/revisions"}],"wp:attachment":[{"href":"https:\/\/nde-evo.com\/fr\/wp-json\/wp\/v2\/media?parent=8"}],"curies":[{"name":"wp","href":"https:\/\/api.w.org\/{rel}","templated":true}]}}